{"id":12,"date":"2023-11-23T10:11:36","date_gmt":"2023-11-23T10:11:36","guid":{"rendered":"https:\/\/edem.eu\/membresia\/index.php\/cuenta-de-membresia\/pago-de-membresia\/"},"modified":"2025-12-30T09:24:55","modified_gmt":"2025-12-30T08:24:55","slug":"registro-alumni","status":"publish","type":"page","link":"https:\/\/edem.eu\/alumni\/registro-alumni\/","title":{"rendered":"Registro Alumni"},"content":{"rendered":"\t\t<div data-elementor-type=\"wp-page\" data-elementor-id=\"12\" class=\"elementor elementor-12\" data-elementor-post-type=\"page\">\n\t\t\t\t<div class=\"elementor-element elementor-element-2921a036 e-flex e-con-boxed e-con e-parent\" data-id=\"2921a036\" data-element_type=\"container\" data-settings=\"{&quot;background_background&quot;:&quot;classic&quot;}\">\n\t\t\t\t\t<div class=\"e-con-inner\">\n\t\t<div class=\"elementor-element elementor-element-68113e1c e-flex e-con-boxed e-con e-child\" data-id=\"68113e1c\" data-element_type=\"container\">\n\t\t\t\t\t<div class=\"e-con-inner\">\n\t\t\t\t<div class=\"elementor-element elementor-element-3e82c5a3 elementor-widget elementor-widget-heading\" data-id=\"3e82c5a3\" data-element_type=\"widget\" data-widget_type=\"heading.default\">\n\t\t\t\t<div class=\"elementor-widget-container\">\n\t\t\t<style>\/*! elementor - v3.22.0 - 26-06-2024 *\/\n.elementor-heading-title{padding:0;margin:0;line-height:1}.elementor-widget-heading .elementor-heading-title[class*=elementor-size-]>a{color:inherit;font-size:inherit;line-height:inherit}.elementor-widget-heading .elementor-heading-title.elementor-size-small{font-size:15px}.elementor-widget-heading .elementor-heading-title.elementor-size-medium{font-size:19px}.elementor-widget-heading .elementor-heading-title.elementor-size-large{font-size:29px}.elementor-widget-heading .elementor-heading-title.elementor-size-xl{font-size:39px}.elementor-widget-heading .elementor-heading-title.elementor-size-xxl{font-size:59px}<\/style><h2 class=\"elementor-heading-title elementor-size-large\">Registro<\/h2>\t\t<\/div>\n\t\t\t\t<\/div>\n\t\t\t\t\t<\/div>\n\t\t\t\t<\/div>\n\t\t\t\t\t<\/div>\n\t\t\t\t<\/div>\n\t\t<div class=\"elementor-element elementor-element-cc71de6 e-flex e-con-boxed e-con e-parent\" data-id=\"cc71de6\" data-element_type=\"container\">\n\t\t\t\t\t<div class=\"e-con-inner\">\n\t\t\t\t<div class=\"elementor-element elementor-element-ed8881d elementor-widget elementor-widget-shortcode\" data-id=\"ed8881d\" data-element_type=\"widget\" data-widget_type=\"shortcode.default\">\n\t\t\t\t<div class=\"elementor-widget-container\">\n\t\t\t\t\t<div class=\"elementor-shortcode\">[pmpro_checkout] <\/div>\n\t\t\t\t<\/div>\n\t\t\t\t<\/div>\n\t\t\t\t\t<\/div>\n\t\t\t\t<\/div>\n\t\t<div class=\"elementor-element elementor-element-e913d8f e-con-full e-flex e-con e-parent\" data-id=\"e913d8f\" data-element_type=\"container\" id=\"firma-registro\">\n\t\t<div class=\"elementor-element elementor-element-ac71bde e-con-full e-flex e-con e-child\" data-id=\"ac71bde\" data-element_type=\"container\">\n\t\t\t\t<div class=\"elementor-element elementor-element-deb8e83 elementor-widget-divider--view-line elementor-widget elementor-widget-divider\" data-id=\"deb8e83\" data-element_type=\"widget\" data-widget_type=\"divider.default\">\n\t\t\t\t<div class=\"elementor-widget-container\">\n\t\t\t<style>\/*! elementor - v3.22.0 - 26-06-2024 *\/\n.elementor-widget-divider{--divider-border-style:none;--divider-border-width:1px;--divider-color:#0c0d0e;--divider-icon-size:20px;--divider-element-spacing:10px;--divider-pattern-height:24px;--divider-pattern-size:20px;--divider-pattern-url:none;--divider-pattern-repeat:repeat-x}.elementor-widget-divider .elementor-divider{display:flex}.elementor-widget-divider .elementor-divider__text{font-size:15px;line-height:1;max-width:95%}.elementor-widget-divider .elementor-divider__element{margin:0 var(--divider-element-spacing);flex-shrink:0}.elementor-widget-divider .elementor-icon{font-size:var(--divider-icon-size)}.elementor-widget-divider .elementor-divider-separator{display:flex;margin:0;direction:ltr}.elementor-widget-divider--view-line_icon .elementor-divider-separator,.elementor-widget-divider--view-line_text .elementor-divider-separator{align-items:center}.elementor-widget-divider--view-line_icon .elementor-divider-separator:after,.elementor-widget-divider--view-line_icon .elementor-divider-separator:before,.elementor-widget-divider--view-line_text .elementor-divider-separator:after,.elementor-widget-divider--view-line_text .elementor-divider-separator:before{display:block;content:\"\";border-block-end:0;flex-grow:1;border-block-start:var(--divider-border-width) var(--divider-border-style) var(--divider-color)}.elementor-widget-divider--element-align-left .elementor-divider .elementor-divider-separator>.elementor-divider__svg:first-of-type{flex-grow:0;flex-shrink:100}.elementor-widget-divider--element-align-left .elementor-divider-separator:before{content:none}.elementor-widget-divider--element-align-left .elementor-divider__element{margin-left:0}.elementor-widget-divider--element-align-right .elementor-divider .elementor-divider-separator>.elementor-divider__svg:last-of-type{flex-grow:0;flex-shrink:100}.elementor-widget-divider--element-align-right .elementor-divider-separator:after{content:none}.elementor-widget-divider--element-align-right .elementor-divider__element{margin-right:0}.elementor-widget-divider--element-align-start .elementor-divider .elementor-divider-separator>.elementor-divider__svg:first-of-type{flex-grow:0;flex-shrink:100}.elementor-widget-divider--element-align-start .elementor-divider-separator:before{content:none}.elementor-widget-divider--element-align-start .elementor-divider__element{margin-inline-start:0}.elementor-widget-divider--element-align-end .elementor-divider .elementor-divider-separator>.elementor-divider__svg:last-of-type{flex-grow:0;flex-shrink:100}.elementor-widget-divider--element-align-end .elementor-divider-separator:after{content:none}.elementor-widget-divider--element-align-end .elementor-divider__element{margin-inline-end:0}.elementor-widget-divider:not(.elementor-widget-divider--view-line_text):not(.elementor-widget-divider--view-line_icon) .elementor-divider-separator{border-block-start:var(--divider-border-width) var(--divider-border-style) var(--divider-color)}.elementor-widget-divider--separator-type-pattern{--divider-border-style:none}.elementor-widget-divider--separator-type-pattern.elementor-widget-divider--view-line .elementor-divider-separator,.elementor-widget-divider--separator-type-pattern:not(.elementor-widget-divider--view-line) .elementor-divider-separator:after,.elementor-widget-divider--separator-type-pattern:not(.elementor-widget-divider--view-line) .elementor-divider-separator:before,.elementor-widget-divider--separator-type-pattern:not([class*=elementor-widget-divider--view]) .elementor-divider-separator{width:100%;min-height:var(--divider-pattern-height);-webkit-mask-size:var(--divider-pattern-size) 100%;mask-size:var(--divider-pattern-size) 100%;-webkit-mask-repeat:var(--divider-pattern-repeat);mask-repeat:var(--divider-pattern-repeat);background-color:var(--divider-color);-webkit-mask-image:var(--divider-pattern-url);mask-image:var(--divider-pattern-url)}.elementor-widget-divider--no-spacing{--divider-pattern-size:auto}.elementor-widget-divider--bg-round{--divider-pattern-repeat:round}.rtl .elementor-widget-divider .elementor-divider__text{direction:rtl}.e-con-inner>.elementor-widget-divider,.e-con>.elementor-widget-divider{width:var(--container-widget-width,100%);--flex-grow:var(--container-widget-flex-grow)}<\/style>\t\t<div class=\"elementor-divider\">\n\t\t\t<span class=\"elementor-divider-separator\">\n\t\t\t\t\t\t<\/span>\n\t\t<\/div>\n\t\t\t\t<\/div>\n\t\t\t\t<\/div>\n\t\t\t\t<\/div>\n\t\t<div class=\"elementor-element elementor-element-348dcfb e-con-full e-flex e-con e-child\" data-id=\"348dcfb\" data-element_type=\"container\">\n\t\t\t\t<div class=\"elementor-element elementor-element-d92add3 elementor-widget elementor-widget-text-editor\" data-id=\"d92add3\" data-element_type=\"widget\" data-widget_type=\"text-editor.default\">\n\t\t\t\t<div class=\"elementor-widget-container\">\n\t\t\t<style>\/*! elementor - v3.22.0 - 26-06-2024 *\/\n.elementor-widget-text-editor.elementor-drop-cap-view-stacked .elementor-drop-cap{background-color:#69727d;color:#fff}.elementor-widget-text-editor.elementor-drop-cap-view-framed .elementor-drop-cap{color:#69727d;border:3px solid;background-color:transparent}.elementor-widget-text-editor:not(.elementor-drop-cap-view-default) .elementor-drop-cap{margin-top:8px}.elementor-widget-text-editor:not(.elementor-drop-cap-view-default) .elementor-drop-cap-letter{width:1em;height:1em}.elementor-widget-text-editor .elementor-drop-cap{float:left;text-align:center;line-height:1;font-size:50px}.elementor-widget-text-editor .elementor-drop-cap-letter{display:inline-block}<\/style>\t\t\t\t<p><span class=\"ui-provider a b c d e f g h i j k l m n o p q r s t u v w x y z ab ac ae af ag ah ai aj ak\" dir=\"ltr\"><i>EDEM trata tus datos (nombre, apellidos, dni, n\u00famero de cuenta, etc.) por la ejecuci\u00f3n del contrato de alumni. La finalidad reside en prestarte este nuevo servicio. Otros miembros de la comunidad pueden acceder a tus datos si consientes y tambi\u00e9n ser\u00e1n comunicados a bancos los datos de facturaci\u00f3n para efectuar los pagos. Existe transferencia internacional a trav\u00e9s de wordpress. Los datos ser\u00e1n conservados por el plazo necesario para la finalidad indicada. Para m\u00e1s informaci\u00f3n o ejercer tus derechos, puedes enviar un correo a <\/i><a class=\"fui-Link ___1rxvrpe f2hkw1w f3rmtva f1ewtqcl fyind8e f1k6fduh f1w7gpdv fk6fouc fjoy568 figsok6 f1hu3pq6 f11qmguv f19f4twv f1tyq0we f1g0x7ka fhxju0i f1qch9an f1cnd47f fqv5qza f1vmzxwi f1o700av f13mvf36 f1cmlufx f9n3di6 f1ids18y f1tx3yz7 f1deo86v f1eh06m1 f1iescvh fhgqx19 f1olyrje f1p93eir f1nev41a f1h8hb77 f1lqvz6u f10aw75t fsle3fq f17ae5zn\" title=\"mailto:dpo@marinadeempresas.es\" href=\"mailto:dpo@marinadeempresas.es\" target=\"_blank\" rel=\"noreferrer noopener\" aria-label=\"V\u00ednculo dpo@edem.es\"><i>dpo@edem.es<\/i><\/a><i>. Puedes reclamar a la Agencia Espa\u00f1ola de Protecci\u00f3n de Datos si consideras que hemos vulnerado tus derechos (<\/i><a class=\"fui-Link ___1rxvrpe f2hkw1w f3rmtva f1ewtqcl fyind8e f1k6fduh f1w7gpdv fk6fouc fjoy568 figsok6 f1hu3pq6 f11qmguv f19f4twv f1tyq0we f1g0x7ka fhxju0i f1qch9an f1cnd47f fqv5qza f1vmzxwi f1o700av f13mvf36 f1cmlufx f9n3di6 f1ids18y f1tx3yz7 f1deo86v f1eh06m1 f1iescvh fhgqx19 f1olyrje f1p93eir f1nev41a f1h8hb77 f1lqvz6u f10aw75t fsle3fq f17ae5zn\" title=\"http:\/\/www.aepd.es\/\" href=\"http:\/\/www.aepd.es\" target=\"_blank\" rel=\"noreferrer noopener\" aria-label=\"V\u00ednculo www.aepd.es\"><i>www.aepd.es<\/i><\/a><i>). <\/i><a class=\"fui-Link ___1rxvrpe f2hkw1w f3rmtva f1ewtqcl fyind8e f1k6fduh f1w7gpdv fk6fouc fjoy568 figsok6 f1hu3pq6 f11qmguv f19f4twv f1tyq0we f1g0x7ka fhxju0i f1qch9an f1cnd47f fqv5qza f1vmzxwi f1o700av f13mvf36 f1cmlufx f9n3di6 f1ids18y f1tx3yz7 f1deo86v f1eh06m1 f1iescvh fhgqx19 f1olyrje f1p93eir f1nev41a f1h8hb77 f1lqvz6u f10aw75t fsle3fq f17ae5zn\" title=\"https:\/\/xn--ems-fla\/privacidad\/\" href=\"https:\/\/eM\u00e1s\/privacidad\/\" target=\"_blank\" rel=\"noreferrer noopener\" aria-label=\"V\u00ednculo M\u00e1s informaci\u00f3n\"><i>M\u00e1s informaci\u00f3n<\/i><\/a><i>.<\/i><\/span><\/p>\t\t\t\t\t\t<\/div>\n\t\t\t\t<\/div>\n\t\t\t\t<\/div>\n\t\t\t\t<\/div>\n\t\t<div class=\"elementor-element elementor-element-8a0734e e-flex e-con-boxed e-con e-parent\" data-id=\"8a0734e\" data-element_type=\"container\">\n\t\t\t\t\t<div class=\"e-con-inner\">\n\t\t\t\t<div class=\"elementor-element elementor-element-5057e63 elementor-widget elementor-widget-html\" data-id=\"5057e63\" data-element_type=\"widget\" data-widget_type=\"html.default\">\n\t\t\t\t<div class=\"elementor-widget-container\">\n\t\t\t<script>\r\n    $(document).ready(function () {\r\n\r\n        let mensaje = '';\r\n        let disabled = true;\r\n\r\n        let validacion = \/^\\d{9,}$\/;\r\n\r\n\r\n        \/\/Esconder boletin checkbox \r\n        $('label').filter(function () {\r\n            return $(this).find('input[type=\"checkbox\"][name=\"tnp-nl\"]').length > 0;\r\n        }).hide();\r\n\r\n        \/\/Nuevo titulo 'nombre de usuario' + explicacion\r\n        $('label[for=\"username\"]').html('Nombre de usuario (tambi\u00e9n puedes utilizar tu email)').prepend('<p style=\"font-weight:400;\">El nombre de usuario (o email) que escojas, junto con tu contrase\u00f1a, te servir\u00e1n para poder entrar en tu cuenta Alumni. Puedes seleccionar el nombre de usuario que t\u00fa quieras.Ten en cuenta que nombre de usuario no es lo mismo que tu nombre y apellidos.<\/p>');\r\n\r\n\r\n\r\n        $('#pmpro_btn-submit').prop('disabled', true);\r\n\r\n        \/\/##Bloque de firma\r\n        \/\/Recogemos el bloque de firma\r\n        let firma = $('#firma-registro');\r\n\r\n        \/\/Lo insertamos despu\u00e9s del checkbox RGPD\r\n        firma.insertAfter($('#rgpd_div'));\r\n\r\n        \/\/##Enlace T\u00e9rminos y condiciones\r\n        let checkboxTerminos = $('.terminos-condiciones label').html();\r\n\r\n        if (checkboxTerminos) {\r\n            let resultado = checkboxTerminos.replace(\/Acepto los T\u00e9rminos y Condiciones\/g, 'Acepto los <a href=\"\/alumni\/terminos-y-condiciones\">T\u00e9rminos y Condiciones<\/a>')\r\n\r\n            $('.terminos-condiciones label').html(resultado);\r\n        }\r\n\r\n\r\n\r\n        \/\/##Validaci\u00f3n tel\u00e9fono\r\n        $('#tel_fono_div').append('<p id=\"validacion-telefono\" class=\"error\"><\/p>')\r\n\r\n        \/\/Validacion == cantidad de caracteres mayor o igual a 9\r\n        let telefono = ($('.pmpro_checkout-fields #tel_fono').val());\r\n       \r\n       \r\n        if(telefono) {\r\n            if(!telefono.match(Validacion)) {\r\n                 mensaje = \"Introduce un n\u00famero de tel\u00e9fono v\u00e1lido\";\r\n                disabled = true;\r\n            }else if (($('.pmpro_checkout-fields #tel_fono').val()).match(validacion)) {\r\n                disabled = false;\r\n                mensaje = '';\r\n            }\r\n        }\r\n\r\n\r\n\r\n        $('#pmpro_btn-submit').prop('disabled', disabled);\r\n\r\n\r\n        \/\/Cuando se apriete una tecla\r\n        $('.pmpro_checkout-fields #tel_fono').on('keyup', function () {\r\n\r\n\r\n            \/\/Validacion == cantidad de caracteres mayor o igual a 9\r\n            let matchAct = $(this).val();\r\n            if (!matchAct.match(validacion)) {\r\n                mensaje = \"Introduce un n\u00famero de tel\u00e9fono v\u00e1lido\";\r\n                disabled = true;\r\n            } else if (matchAct.match(validacion)) {\r\n                disabled = false;\r\n                mensaje = '';\r\n            }\r\n\r\n\r\n            $('#pmpro_btn-submit').prop('disabled', disabled);\r\n            $('#validacion-telefono').html(mensaje);\r\n        });\r\n\r\n\r\n\r\n\r\n    })\r\n<\/script>\t\t<\/div>\n\t\t\t\t<\/div>\n\t\t\t\t\t<\/div>\n\t\t\t\t<\/div>\n\t\t\t\t<\/div>\n\t\t","protected":false},"excerpt":{"rendered":"<p>Registro [pmpro_checkout] EDEM trata tus datos (nombre, apellidos, dni, n\u00famero de cuenta, etc.) por la ejecuci\u00f3n del contrato de alumni. La finalidad reside en prestarte este nuevo servicio. Otros miembros de la comunidad pueden acceder a tus datos si consientes y tambi\u00e9n ser\u00e1n comunicados a bancos los datos de facturaci\u00f3n para efectuar los pagos. Existe [&hellip;]<\/p>\n","protected":false},"author":2,"featured_media":0,"parent":0,"menu_order":0,"comment_status":"closed","ping_status":"closed","template":"","meta":{"pmpro_default_level":"","footnotes":""},"_links":{"self":[{"href":"https:\/\/edem.eu\/alumni\/wp-json\/wp\/v2\/pages\/12"}],"collection":[{"href":"https:\/\/edem.eu\/alumni\/wp-json\/wp\/v2\/pages"}],"about":[{"href":"https:\/\/edem.eu\/alumni\/wp-json\/wp\/v2\/types\/page"}],"author":[{"embeddable":true,"href":"https:\/\/edem.eu\/alumni\/wp-json\/wp\/v2\/users\/2"}],"replies":[{"embeddable":true,"href":"https:\/\/edem.eu\/alumni\/wp-json\/wp\/v2\/comments?post=12"}],"version-history":[{"count":340,"href":"https:\/\/edem.eu\/alumni\/wp-json\/wp\/v2\/pages\/12\/revisions"}],"predecessor-version":[{"id":3645,"href":"https:\/\/edem.eu\/alumni\/wp-json\/wp\/v2\/pages\/12\/revisions\/3645"}],"wp:attachment":[{"href":"https:\/\/edem.eu\/alumni\/wp-json\/wp\/v2\/media?parent=12"}],"curies":[{"name":"wp","href":"https:\/\/api.w.org\/{rel}","templated":true}]}}